{"id":218,"date":"2020-05-12T03:43:04","date_gmt":"2020-05-12T03:43:04","guid":{"rendered":"http:\/\/deodesign.com.br\/?page_id=218"},"modified":"2022-02-15T03:07:01","modified_gmt":"2022-02-15T03:07:01","slug":"about","status":"publish","type":"page","link":"https:\/\/deodesign.com.br\/?page_id=218","title":{"rendered":"Sobre N\u00f3s"},"content":{"rendered":"\n<div class=\"wp-block-cover alignfull is-light has-parallax\" style=\"background-image:url(http:\/\/deodesign.com.br\/wp-content\/uploads\/2022\/01\/apartamento-melo-alves_sala_09.png);min-height:380px;aspect-ratio:unset;\"><span aria-hidden=\"true\" class=\"has-ast-global-color-1-background-color wp-block-cover__gradient-background has-background-dim\"><\/span><div class=\"wp-block-cover__inner-container is-layout-flow wp-block-cover-is-layout-flow\">\n<h1 class=\"has-text-align-center has-white-color has-text-color wp-block-heading\" id=\"conheca-a-deo\"> CONHE\u00c7A A DEO <\/h1>\n<\/div><\/div>\n\n\n\n<div style=\"height:100px\" aria-hidden=\"true\" class=\"wp-block-spacer\"><\/div>\n\n\n\n<div class=\"wp-block-group alignfull has-ast-global-color-5-background-color has-background\"><div class=\"wp-block-group__inner-container is-layout-flow wp-block-group-is-layout-flow\">\n<div class=\"wp-block-columns is-layout-flex wp-container-core-columns-is-layout-9d6595d7 wp-block-columns-is-layout-flex\">\n<div class=\"wp-block-column is-layout-flow wp-block-column-is-layout-flow\">\n<h2 class=\"has-text-color wp-block-heading\" id=\"sonhos-em-realidade\" style=\"color:#a7aeb4\">sonhos em realidade<\/h2>\n<\/div>\n\n\n\n<div class=\"wp-block-column is-layout-flow wp-block-column-is-layout-flow\">\n<p>A <strong>DEO<\/strong> Design de Interiores atua desde 2013 no mercado do Design e Decora\u00e7\u00e3o, s\u00e3o anos de trabalho e dedica\u00e7\u00e3o, transformando a vida de diversos clientes.<\/p>\n\n\n\n<p>O que fazemos de melhor, al\u00e9m de criar <em>designs<\/em> exclusivos, \u00e9 levar qualidade de vida para o dia a dia de nossos clientes.<\/p>\n\n\n\n<div style=\"height:56px\" aria-hidden=\"true\" class=\"wp-block-spacer\"><\/div>\n\n\n\n<p class=\"has-text-color\" style=\"color:#676b6e\">&#8220;Transformamos espa\u00e7os e ambientes no melhor <em>lugar do mundo, para voc\u00ea!&#8221;<\/em><\/p>\n\n\n\n<div class=\"wp-block-group\"><div class=\"wp-block-group__inner-container is-layout-flow wp-block-group-is-layout-flow\">\n<h3 class=\"has-text-align-right wp-block-heading\" id=\"olavo-leme\">Olavo Leme<\/h3>\n\n\n\n<p class=\"has-text-align-right has-text-color has-small-font-size\" style=\"color:#6e7679\">Fundador <strong>DEO<\/strong> e Designer de Interiores<\/p>\n<\/div><\/div>\n<\/div>\n<\/div>\n<\/div><\/div>\n\n\n\n<figure class=\"wp-block-gallery has-nested-images columns-default is-cropped wp-block-gallery-1 is-layout-flex wp-block-gallery-is-layout-flex\">\n<figure class=\"wp-block-image size-large\"><img loading=\"lazy\" decoding=\"async\" width=\"2459\" height=\"2008\" data-id=\"653\" src=\"http:\/\/deodesign.com.br\/wp-content\/uploads\/2022\/01\/02_lavabo_01.png\" alt=\"\" class=\"wp-image-653\" srcset=\"https:\/\/deodesign.com.br\/wp-content\/uploads\/2022\/01\/02_lavabo_01.png 2459w, https:\/\/deodesign.com.br\/wp-content\/uploads\/2022\/01\/02_lavabo_01-300x245.png 300w, https:\/\/deodesign.com.br\/wp-content\/uploads\/2022\/01\/02_lavabo_01-1024x836.png 1024w, https:\/\/deodesign.com.br\/wp-content\/uploads\/2022\/01\/02_lavabo_01-768x627.png 768w, https:\/\/deodesign.com.br\/wp-content\/uploads\/2022\/01\/02_lavabo_01-1536x1254.png 1536w, https:\/\/deodesign.com.br\/wp-content\/uploads\/2022\/01\/02_lavabo_01-2048x1672.png 2048w\" sizes=\"auto, (max-width: 2459px) 100vw, 2459px\" \/><\/figure>\n\n\n\n<figure class=\"wp-block-image size-large\"><img loading=\"lazy\" decoding=\"async\" width=\"1655\" height=\"1050\" data-id=\"606\" src=\"http:\/\/deodesign.com.br\/wp-content\/uploads\/2022\/01\/0imagem_01.png\" alt=\"\" class=\"wp-image-606\" srcset=\"https:\/\/deodesign.com.br\/wp-content\/uploads\/2022\/01\/0imagem_01.png 1655w, https:\/\/deodesign.com.br\/wp-content\/uploads\/2022\/01\/0imagem_01-300x190.png 300w, https:\/\/deodesign.com.br\/wp-content\/uploads\/2022\/01\/0imagem_01-1024x650.png 1024w, https:\/\/deodesign.com.br\/wp-content\/uploads\/2022\/01\/0imagem_01-768x487.png 768w, https:\/\/deodesign.com.br\/wp-content\/uploads\/2022\/01\/0imagem_01-1536x975.png 1536w\" sizes=\"auto, (max-width: 1655px) 100vw, 1655px\" \/><\/figure>\n\n\n\n<figure class=\"wp-block-image size-large\"><img loading=\"lazy\" decoding=\"async\" width=\"1024\" height=\"669\" data-id=\"654\" src=\"https:\/\/deodesign.com.br\/wp-content\/uploads\/2022\/01\/pink-office_25-1024x669.png\" alt=\"\" class=\"wp-image-654\" srcset=\"https:\/\/deodesign.com.br\/wp-content\/uploads\/2022\/01\/pink-office_25-1024x669.png 1024w, https:\/\/deodesign.com.br\/wp-content\/uploads\/2022\/01\/pink-office_25-300x196.png 300w, https:\/\/deodesign.com.br\/wp-content\/uploads\/2022\/01\/pink-office_25-768x502.png 768w, https:\/\/deodesign.com.br\/wp-content\/uploads\/2022\/01\/pink-office_25-1536x1003.png 1536w, https:\/\/deodesign.com.br\/wp-content\/uploads\/2022\/01\/pink-office_25-2048x1338.png 2048w\" sizes=\"auto, (max-width: 1024px) 100vw, 1024px\" \/><\/figure>\n<\/figure>\n\n\n\n<div class=\"wp-block-group alignfull has-ast-global-color-4-background-color has-background\"><div class=\"wp-block-group__inner-container is-layout-flow wp-block-group-is-layout-flow\">\n<div class=\"wp-block-columns is-layout-flex wp-container-core-columns-is-layout-9d6595d7 wp-block-columns-is-layout-flex\">\n<div class=\"wp-block-column is-layout-flow wp-block-column-is-layout-flow\">\n<h2 class=\"wp-block-heading\" id=\"interiores\"><strong>Interiores<\/strong><\/h2>\n\n\n\n<p>Transformar sua casa em lar \u00e9 a nossa miss\u00e3o. <\/p>\n\n\n\n<p>Nossos projetos de interiores s\u00e3o desenvolvidos e pensados para voc\u00ea. <\/p>\n\n\n\n<p>Do estilo ao gerenciamento de sua obra, cuidados de todos os detalhes.<\/p>\n<\/div>\n\n\n\n<div class=\"wp-block-column is-layout-flow wp-block-column-is-layout-flow\">\n<h2 class=\"wp-block-heading\" id=\"design\"><strong>Design<\/strong><\/h2>\n\n\n\n<p>Design \u00e9 o nosso <em>DNA<\/em> e por isso, em cada projeto criamos uma hist\u00f3ria diferente. <\/p>\n\n\n\n<p>Seja um mobili\u00e1rio personalizado ou a cria\u00e7\u00e3o da identidade de um evento, temos diversas solu\u00e7\u00f5es em design para voc\u00ea. <\/p>\n<\/div>\n\n\n\n<div class=\"wp-block-column is-layout-flow wp-block-column-is-layout-flow\">\n<h2 class=\"wp-block-heading\" id=\"comercial\"><strong>Comercial<\/strong><\/h2>\n\n\n\n<p>Cria\u00e7\u00e3o e venda est\u00e3o interligados, e sabemos como ningu\u00e9m o qu\u00e3o importante \u00e9 a  valoriza\u00e7\u00e3o do seu neg\u00f3cio.<\/p>\n\n\n\n<p>Nossas solu\u00e7\u00f5es de design podem te ajudar a alavancar seu neg\u00f3cio ou transformar a experi\u00eancia do seu cliente.<\/p>\n<\/div>\n<\/div>\n<\/div><\/div>\n\n\n\n<p class=\"has-text-align-center has-text-color has-medium-font-size\" style=\"color:#4e5457\"><em>Fale com a gente e conhe\u00e7a nossas solu\u00e7\u00f5es para o seu projeto!<\/em><\/p>\n\n\n\n<div class=\"wp-block-jetpack-send-a-message\"><\/div>\n\n\n\n<div class=\"wp-block-jetpack-send-a-message\">\n<div class=\"wp-block-jetpack-whatsapp-button aligncenter is-color-dark\"><a class=\"whatsapp-block__button\" href=\"https:\/\/api.whatsapp.com\/send?phone=5511914151524&amp;text=Ol%C3%A1%2C%20vim%20pelo%20site%20e%20gostaria%20de%20mais%20informa%C3%A7%C3%B5es!\" style=\"background-color:#465B64;color:#fff\" target=\"_blank\" rel=\"noopener noreferrer\">Conversar no WhatsApp<\/a><\/div>\n<\/div>\n\n\n\n<div class=\"wp-block-image is-style-default\"><figure class=\"aligncenter size-full is-resized\"><img loading=\"lazy\" decoding=\"async\" src=\"https:\/\/deodesign.com.br\/wp-content\/uploads\/2022\/01\/DEO-PRETO-SEM-FUNDO-2.png\" alt=\"\" class=\"wp-image-772\" width=\"65\" height=\"42\" srcset=\"https:\/\/deodesign.com.br\/wp-content\/uploads\/2022\/01\/DEO-PRETO-SEM-FUNDO-2.png 764w, https:\/\/deodesign.com.br\/wp-content\/uploads\/2022\/01\/DEO-PRETO-SEM-FUNDO-2-300x192.png 300w\" sizes=\"auto, (max-width: 65px) 100vw, 65px\" \/><\/figure><\/div>\n","protected":false},"excerpt":{"rendered":"<p>sonhos em realidade A DEO Design de Interiores atua desde 2013 no mercado do Design e Decora\u00e7\u00e3o, s\u00e3o anos de trabalho e dedica\u00e7\u00e3o, transformando a vida de diversos clientes. O que fazemos de melhor, al\u00e9m de criar designs exclusivos, \u00e9 levar qualidade de vida para o dia a dia de nossos clientes. &#8220;Transformamos espa\u00e7os e<\/p>\n<p class=\"more-link-wrapper\"><a href=\"https:\/\/deodesign.com.br\/?page_id=218\" class=\"more-link\">Continue Reading<span class=\"screen-reader-text\"> &#8220;Sobre N\u00f3s&#8221;<\/span><\/a><\/p>\n","protected":false},"author":1,"featured_media":0,"parent":0,"menu_order":0,"comment_status":"closed","ping_status":"closed","template":"","meta":{"om_disable_all_campaigns":false,"_monsterinsights_skip_tracking":false,"_monsterinsights_sitenote_active":false,"_monsterinsights_sitenote_note":"","_monsterinsights_sitenote_category":0,"footnotes":""},"class_list":["post-218","page","type-page","status-publish","hentry"],"aioseo_notices":[],"jetpack_sharing_enabled":true,"_links":{"self":[{"href":"https:\/\/deodesign.com.br\/index.php?rest_route=\/wp\/v2\/pages\/218","targetHints":{"allow":["GET"]}}],"collection":[{"href":"https:\/\/deodesign.com.br\/index.php?rest_route=\/wp\/v2\/pages"}],"about":[{"href":"https:\/\/deodesign.com.br\/index.php?rest_route=\/wp\/v2\/types\/page"}],"author":[{"embeddable":true,"href":"https:\/\/deodesign.com.br\/index.php?rest_route=\/wp\/v2\/users\/1"}],"replies":[{"embeddable":true,"href":"https:\/\/deodesign.com.br\/index.php?rest_route=%2Fwp%2Fv2%2Fcomments&post=218"}],"version-history":[{"count":20,"href":"https:\/\/deodesign.com.br\/index.php?rest_route=\/wp\/v2\/pages\/218\/revisions"}],"predecessor-version":[{"id":812,"href":"https:\/\/deodesign.com.br\/index.php?rest_route=\/wp\/v2\/pages\/218\/revisions\/812"}],"wp:attachment":[{"href":"https:\/\/deodesign.com.br\/index.php?rest_route=%2Fwp%2Fv2%2Fmedia&parent=218"}],"curies":[{"name":"wp","href":"https:\/\/api.w.org\/{rel}","templated":true}]}}