{"id":220,"date":"2020-05-12T03:43:05","date_gmt":"2020-05-12T03:43:05","guid":{"rendered":"http:\/\/deodesign.com.br\/?page_id=220"},"modified":"2022-02-15T02:56:06","modified_gmt":"2022-02-15T02:56:06","slug":"contact","status":"publish","type":"page","link":"https:\/\/deodesign.com.br\/?page_id=220","title":{"rendered":"Contato"},"content":{"rendered":"\n<div class=\"wp-block-cover alignfull is-light has-parallax\" style=\"background-image:url(http:\/\/deodesign.com.br\/wp-content\/uploads\/2022\/01\/apto-bela-cintra-03.png);min-height:380px;aspect-ratio:unset;\"><span aria-hidden=\"true\" class=\"has-ast-global-color-1-background-color wp-block-cover__gradient-background has-background-dim\"><\/span><div class=\"wp-block-cover__inner-container is-layout-flow wp-block-cover-is-layout-flow\">\n<h1 class=\"has-text-align-center has-white-color has-text-color wp-block-heading\" id=\"fale-com-a-gente\">FALE COM A GENTE<\/h1>\n<\/div><\/div>\n\n\n\n<div style=\"height:100px\" aria-hidden=\"true\" class=\"wp-block-spacer\"><\/div>\n\n\n\n<div class=\"wp-block-group alignfull has-ast-global-color-5-background-color has-background\"><div class=\"wp-block-group__inner-container is-layout-flow wp-block-group-is-layout-flow\">\n<div class=\"wp-block-columns is-layout-flex wp-container-core-columns-is-layout-9d6595d7 wp-block-columns-is-layout-flex\">\n<div class=\"wp-block-column is-layout-flow wp-block-column-is-layout-flow\">\n<h2 class=\"has-normal-font-size wp-block-heading\" id=\"deo-design-interiores\">DEO DESIGN+INTERIORES<\/h2>\n\n\n\n<h3 class=\"has-cyan-bluish-gray-color has-text-color wp-block-heading\" id=\"fale-conosco\">Fale Conosco<\/h3>\n\n\n\n<p>contato@deodesign.com.br<\/p>\n\n\n\n<p>imprensa@deodesign.com.br<\/p>\n\n\n\n<p>(11) 9 1415 &#8211; 1524<\/p>\n<\/div>\n\n\n\n<div class=\"wp-block-column is-layout-flow wp-block-column-is-layout-flow\">\n<h2 class=\"has-cyan-bluish-gray-color has-text-color has-normal-font-size wp-block-heading\" id=\"se-preferir-use-nosso-formulario\">Se preferir use nosso formul\u00e1rio<\/h2>\n\n\n<div class=\"wp-block-jetpack-contact-form\"><a href=\"https:\/\/deodesign.com.br\/?page_id=220\" target=\"_blank\" rel=\"noopener noreferrer\">Envie um formul\u00e1rio.<\/a><\/div><\/div>\n<\/div>\n<\/div><\/div>\n\n\n\n<div class=\"wp-block-group\"><div class=\"wp-block-group__inner-container is-layout-flow wp-block-group-is-layout-flow\">\n<div class=\"wp-block-jetpack-send-a-message\">\n<div class=\"wp-block-jetpack-whatsapp-button is-color-dark\"><a class=\"whatsapp-block__button\" href=\"https:\/\/api.whatsapp.com\/send?phone=5511914151524&amp;text=Ol%C3%A1%2C%20vim%20pelo%20site%20e%20gostaria%20de%20mais%20informa%C3%A7%C3%B5es!\" style=\"background-color:#465B64;color:#fff\" target=\"_blank\" rel=\"noopener noreferrer\">Conversar no WhatsApp<\/a><\/div>\n<\/div>\n\n\n\n<p class=\"has-text-align-center has-text-color has-medium-font-size\" style=\"color:#5d6162\"><em>acesse nossas redes sociais<\/em><\/p>\n<\/div><\/div>\n\n\n\n<div class=\"wp-block-group\"><div class=\"wp-block-group__inner-container is-layout-flow wp-block-group-is-layout-flow\">\n<div class=\"wp-block-columns is-layout-flex wp-container-core-columns-is-layout-9d6595d7 wp-block-columns-is-layout-flex\">\n<div class=\"wp-block-column is-layout-flow wp-block-column-is-layout-flow\">\n<div class=\"wp-block-image\"><figure class=\"aligncenter size-large is-resized\"><a href=\"https:\/\/api.whatsapp.com\/send?phone=5511933831434&amp;text=Ol\u00e1%2C%20vim%20pelo%20site%20e%20gostaria%20de%20mais%20informa\u00e7\u00f5es!\" target=\"_blank\" rel=\"noopener\"><img loading=\"lazy\" decoding=\"async\" src=\"https:\/\/deodesign.com.br\/wp-content\/uploads\/2022\/01\/2071331-1024x576.png\" alt=\"\" class=\"wp-image-689\" width=\"99\" height=\"55\" srcset=\"https:\/\/deodesign.com.br\/wp-content\/uploads\/2022\/01\/2071331-1024x576.png 1024w, https:\/\/deodesign.com.br\/wp-content\/uploads\/2022\/01\/2071331-300x169.png 300w, https:\/\/deodesign.com.br\/wp-content\/uploads\/2022\/01\/2071331-768x432.png 768w, https:\/\/deodesign.com.br\/wp-content\/uploads\/2022\/01\/2071331-1536x864.png 1536w, https:\/\/deodesign.com.br\/wp-content\/uploads\/2022\/01\/2071331.png 1820w\" sizes=\"auto, (max-width: 99px) 100vw, 99px\" \/><\/a><\/figure><\/div>\n<\/div>\n\n\n\n<div class=\"wp-block-column is-layout-flow wp-block-column-is-layout-flow\">\n<div class=\"wp-block-image\"><figure class=\"aligncenter size-full is-resized\"><a href=\"https:\/\/www.facebook.com\/designdeo\/\" target=\"_blank\" rel=\"noopener\"><img loading=\"lazy\" decoding=\"async\" src=\"https:\/\/deodesign.com.br\/wp-content\/uploads\/2022\/01\/facebook_icon_137647-5.png\" alt=\"\" class=\"wp-image-684\" width=\"60\" height=\"60\" srcset=\"https:\/\/deodesign.com.br\/wp-content\/uploads\/2022\/01\/facebook_icon_137647-5.png 512w, https:\/\/deodesign.com.br\/wp-content\/uploads\/2022\/01\/facebook_icon_137647-5-300x300.png 300w, https:\/\/deodesign.com.br\/wp-content\/uploads\/2022\/01\/facebook_icon_137647-5-150x150.png 150w\" sizes=\"auto, (max-width: 60px) 100vw, 60px\" \/><\/a><\/figure><\/div>\n<\/div>\n\n\n\n<div class=\"wp-block-column is-layout-flow wp-block-column-is-layout-flow\">\n<div class=\"wp-block-image is-style-default\"><figure class=\"aligncenter size-full is-resized\"><a href=\"https:\/\/www.instagram.com\/deo_design\/\" target=\"_blank\" rel=\"noopener\"><img loading=\"lazy\" decoding=\"async\" src=\"https:\/\/deodesign.com.br\/wp-content\/uploads\/2022\/01\/insta-logo.png\" alt=\"\" class=\"wp-image-749\" width=\"60\" height=\"60\" srcset=\"https:\/\/deodesign.com.br\/wp-content\/uploads\/2022\/01\/insta-logo.png 512w, https:\/\/deodesign.com.br\/wp-content\/uploads\/2022\/01\/insta-logo-300x300.png 300w, https:\/\/deodesign.com.br\/wp-content\/uploads\/2022\/01\/insta-logo-150x150.png 150w\" sizes=\"auto, (max-width: 60px) 100vw, 60px\" \/><\/a><\/figure><\/div>\n<\/div>\n<\/div>\n<\/div><\/div>\n\n\n\n<div class=\"wp-block-image is-style-default\"><figure class=\"aligncenter size-full is-resized\"><img loading=\"lazy\" decoding=\"async\" src=\"https:\/\/deodesign.com.br\/wp-content\/uploads\/2022\/01\/DEO-PRETO-SEM-FUNDO.png\" alt=\"\" class=\"wp-image-761\" width=\"72\" height=\"46\" srcset=\"https:\/\/deodesign.com.br\/wp-content\/uploads\/2022\/01\/DEO-PRETO-SEM-FUNDO.png 764w, https:\/\/deodesign.com.br\/wp-content\/uploads\/2022\/01\/DEO-PRETO-SEM-FUNDO-300x192.png 300w\" sizes=\"auto, (max-width: 72px) 100vw, 72px\" \/><\/figure><\/div>\n","protected":false},"excerpt":{"rendered":"<p>DEO DESIGN+INTERIORES Fale Conosco contato@deodesign.com.br imprensa@deodesign.com.br (11) 9 1415 &#8211; 1524 Se preferir use nosso formul\u00e1rio acesse nossas redes sociais<\/p>\n","protected":false},"author":1,"featured_media":0,"parent":0,"menu_order":0,"comment_status":"closed","ping_status":"closed","template":"","meta":{"om_disable_all_campaigns":false,"_monsterinsights_skip_tracking":false,"_monsterinsights_sitenote_active":false,"_monsterinsights_sitenote_note":"","_monsterinsights_sitenote_category":0,"footnotes":""},"class_list":["post-220","page","type-page","status-publish","hentry"],"aioseo_notices":[],"jetpack_sharing_enabled":true,"_links":{"self":[{"href":"https:\/\/deodesign.com.br\/index.php?rest_route=\/wp\/v2\/pages\/220","targetHints":{"allow":["GET"]}}],"collection":[{"href":"https:\/\/deodesign.com.br\/index.php?rest_route=\/wp\/v2\/pages"}],"about":[{"href":"https:\/\/deodesign.com.br\/index.php?rest_route=\/wp\/v2\/types\/page"}],"author":[{"embeddable":true,"href":"https:\/\/deodesign.com.br\/index.php?rest_route=\/wp\/v2\/users\/1"}],"replies":[{"embeddable":true,"href":"https:\/\/deodesign.com.br\/index.php?rest_route=%2Fwp%2Fv2%2Fcomments&post=220"}],"version-history":[{"count":29,"href":"https:\/\/deodesign.com.br\/index.php?rest_route=\/wp\/v2\/pages\/220\/revisions"}],"predecessor-version":[{"id":808,"href":"https:\/\/deodesign.com.br\/index.php?rest_route=\/wp\/v2\/pages\/220\/revisions\/808"}],"wp:attachment":[{"href":"https:\/\/deodesign.com.br\/index.php?rest_route=%2Fwp%2Fv2%2Fmedia&parent=220"}],"curies":[{"name":"wp","href":"https:\/\/api.w.org\/{rel}","templated":true}]}}